{"id":397,"date":"2024-01-04T10:46:03","date_gmt":"2024-01-04T09:46:03","guid":{"rendered":"https:\/\/test-manx.ovh\/mww\/?page_id=397"},"modified":"2024-10-23T09:19:45","modified_gmt":"2024-10-23T07:19:45","slug":"polityka-prywatnosci","status":"publish","type":"page","link":"https:\/\/msdlaw.pl\/pl\/polityka-prywatnosci\/","title":{"rendered":"Polityka prywatno\u015bci"},"content":{"rendered":"\n<div style=\"height:50px\" aria-hidden=\"true\" class=\"wp-block-spacer\"><\/div>\n\n\n\n<p><strong>POLITYKA PRYWATNO\u015aCI MATCZUK WIECZOREK I&nbsp;WSP\u00d3LNICY KANCELARII ADWOKAT\u00d3W I&nbsp;RADC\u00d3W PRAWNYCH SP\u00d3\u0141KI JAWNEJ<\/strong><\/p>\n\n\n\n<p>Korzystaj\u0105c z&nbsp;serwisu internetowego www.mwwlaw.pl (\u201eSerwis\u201d) akceptujesz zasady zawarte w&nbsp;niniejszej Polityce Prywatno\u015bci.<\/p>\n\n\n\n<p>Korzystanie z\u00a0Serwisu nie wymaga podania \u017cadnych danych osobowych. Matczuk Suchta Dylak Adwokaci i Radcowie Prawni Sp\u00f3\u0142ka Jawna (\u201eKancelaria\u201d) gromadzi informacje pozyskiwane automatycznie, dotycz\u0105ce adres\u00f3w IP u\u017cytkownik\u00f3w odwiedzaj\u0105cych Serwis i\u00a0korzystaj\u0105cych z\u00a0us\u0142ug \u015bwiadczonych w\u00a0ramach Serwisu. Zebrane w\u00a0ten spos\u00f3b informacje s\u0142u\u017c\u0105 administrowaniu Serwisem, okresowym analizom statystyki odwiedzin, ustaleniu, kt\u00f3re strony odwiedzane s\u0105 najcz\u0119\u015bciej, okre\u015bleniu poziomu funkcjonalno\u015bci stron Serwisu.<\/p>\n\n\n\n<p>Dane osobowe zebrane przez Serwis b\u0119d\u0105 wykorzystywane, przechowywane i&nbsp;przetwarzane zgodnie z&nbsp;udzielonym przez u\u017cytkownika zezwoleniem i&nbsp;w&nbsp;granicach prawa polskiego, a&nbsp;w&nbsp;szczeg\u00f3lno\u015bci ustawy o&nbsp;ochronie danych osobowych z&nbsp;dnia 29.08.1997 r. (Dz. U. Nr 133, poz. 883 z&nbsp;p\u00f3\u017an. zm.). Informacje dotycz\u0105ce IP u\u017cytkownik\u00f3w mog\u0105 zosta\u0107 przekazane uprawnionym organom pa\u0144stwa, na&nbsp;ich \u017c\u0105danie na&nbsp;potrzeby prowadzonych przez nie post\u0119powa\u0144 lub osobom trzecim na&nbsp;podstawie orzecze\u0144 w\u0142a\u015bciwych organ\u00f3w pa\u0144stwa.<\/p>\n\n\n\n<p>Kancelaria nie sprzedaje i&nbsp;nie udost\u0119pnia zebranych przez siebie danych osobowych czy adresowych osobom trzecim. Ka\u017cdy u\u017cytkownik ma prawo do&nbsp;wgl\u0105du, zmiany i&nbsp;usuni\u0119cia swoich danych osobowych z&nbsp;bazy danych.<\/p>\n\n\n\n<p>O wszelkich zmianach w&nbsp;niniejszej Polityce Prywatno\u015bci Kancelaria powiadomi u\u017cytkownik\u00f3w w&nbsp;drodze og\u0142oszenia umieszczonego w&nbsp;Serwisie.<\/p>\n\n\n\n<p><strong>Czym s\u0105 pliki \u201ecookies\u201d?<\/strong><\/p>\n\n\n\n<p>S\u0105 to&nbsp;ma\u0142e pliki tekstowe, przechowywane w&nbsp;urz\u0105dzeniach ko\u0144cowych u\u017cytkownik\u00f3w (komputerach, smartfonach, tabletach itp) przeznaczonych do&nbsp;korzystania ze stron internetowych. Pliki te pozwalaj\u0105 rozpozna\u0107 urz\u0105dzenie u\u017cytkownika i&nbsp;przechowuj\u0105 r\u00f3\u017cne informacje i&nbsp;ustawienia, specyficzne dla&nbsp;danej strony internetowej.<br>Pliki \u201ecookies\u201d u\u017cywane s\u0105 najcz\u0119\u015bciej w&nbsp;celu dostosowania wygl\u0105du i&nbsp;zawarto\u015bci stron internetowych do&nbsp;preferencji u\u017cytkownika oraz w&nbsp;celu u\u0142atwienia korzystania ze stron internetowych. U\u017cywane s\u0105 r\u00f3wnie\u017c w&nbsp;celu tworzenia anonimowych statystyk, kt\u00f3re pomagaj\u0105 analizowa\u0107 ruch na&nbsp;stronie, zrozumie\u0107 w&nbsp;jaki spos\u00f3b u\u017cytkownicy korzystaj\u0105 ze stron internetowych, dzi\u0119ki czemu strony www mog\u0105 by\u0107 rozwijane i&nbsp;ulepszane.<\/p>\n\n\n\n<p>Pliki &#8222;cookies&#8221; mog\u0105 by\u0107 plikami tymczasowymi, kt\u00f3re pozostaj\u0105 na&nbsp;urz\u0105dzeniu u\u017cytkownika do&nbsp;czasu opuszczenia strony internetowej lub wy\u0142\u0105czenia przegl\u0105darki internetowej lub mog\u0105 pozostawa\u0107 na&nbsp;urz\u0105dzeniu u\u017cytkownika przez czas okre\u015blony w&nbsp;parametrach tych plik\u00f3w albo do&nbsp;momentu ich r\u0119cznego usuni\u0119cia przez u\u017cytkownika.<\/p>\n\n\n\n<p>Wykorzystywane przez t\u0105 stron\u0119 pliki cookies nie zawieraj\u0105 danych osobowych.<\/p>\n\n\n\n<p>Pliki \u201ecookies\u201d wykorzystywane przez partner\u00f3w operatora tej strony internetowej podlegaj\u0105 ich w\u0142asnej polityce prywatno\u015bci.<\/p>\n\n\n\n<p><strong>Usuwanie plik\u00f3w \u201ecookies\u201d<\/strong><\/p>\n\n\n\n<p>Przegl\u0105darki internetowe domy\u015blnie dopuszczaj\u0105 mo\u017cliwo\u015b\u0107 umieszczania plik\u00f3w \u201ecookies\u201d na&nbsp;urz\u0105dzeniu ko\u0144cowym. Ustawienia te mog\u0105 zosta\u0107 zmienione w&nbsp;taki spos\u00f3b, aby blokowa\u0107 automatyczn\u0105 obs\u0142ug\u0119 plik\u00f3w \u201ecookies\u201d w&nbsp;ustawieniach przegl\u0105darki internetowej b\u0105d\u017a informowa\u0107 o&nbsp;ich ka\u017cdorazowym przes\u0142aniu na&nbsp;urz\u0105dzenie u\u017cytkownika. Szczeg\u00f3\u0142owe informacje o&nbsp; mo\u017cliwo\u015bci i&nbsp;sposobach obs\u0142ugi plik\u00f3w \u201ecookies\u201d dost\u0119pne s\u0105 w&nbsp;ustawieniach przegl\u0105darki internetowej.<br>Ograniczenie stosowania plik\u00f3w \u201ecookies\u201d, mo\u017ce uniemo\u017cliwi\u0107 korzystanie z&nbsp;niekt\u00f3rych funkcji strony internetowej.<br><br>Wi\u0119cej informacji:&nbsp;<a href=\"https:\/\/wszystkoociasteczkach.pl\/\">wszystkoociasteczkach.pl<\/a><\/p>\n\n\n\n<div style=\"height:50px\" aria-hidden=\"true\" class=\"wp-block-spacer\"><\/div>\n","protected":false},"excerpt":{"rendered":"<p>POLITYKA PRYWATNO\u015aCI MATCZUK WIECZOREK I&nbsp;WSP\u00d3LNICY KANCELARII ADWOKAT\u00d3W I&nbsp;RADC\u00d3W PRAWNYCH SP\u00d3\u0141KI JAWNEJ Korzystaj\u0105c z&nbsp;serwisu internetowego www.mwwlaw.pl (\u201eSerwis\u201d) akceptujesz zasady zawarte w&nbsp;niniejszej Polityce Prywatno\u015bci. Korzystanie z\u00a0Serwisu nie wymaga podania \u017cadnych danych osobowych. Matczuk Suchta Dylak Adwokaci i Radcowie Prawni Sp\u00f3\u0142ka Jawna (\u201eKancelaria\u201d) gromadzi informacje pozyskiwane automatycznie, dotycz\u0105ce adres\u00f3w IP u\u017cytkownik\u00f3w odwiedzaj\u0105cych Serwis i\u00a0korzystaj\u0105cych z\u00a0us\u0142ug \u015bwiadczonych w\u00a0ramach Serwisu. &hellip;<\/p>\n<p class=\"read-more\"> <a class=\"\" href=\"https:\/\/msdlaw.pl\/pl\/polityka-prywatnosci\/\"> <span class=\"screen-reader-text\">Polityka prywatno\u015bci<\/span> Read More &raquo;<\/a><\/p>\n","protected":false},"author":1,"featured_media":0,"parent":0,"menu_order":0,"comment_status":"closed","ping_status":"closed","template":"","meta":{"site-sidebar-layout":"default","site-content-layout":"","ast-site-content-layout":"","site-content-style":"default","site-sidebar-style":"default","ast-global-header-display":"","ast-banner-title-visibility":"","ast-main-header-display":"","ast-hfb-above-header-display":"","ast-hfb-below-header-display":"","ast-hfb-mobile-header-display":"","site-post-title":"disabled","ast-breadcrumbs-content":"","ast-featured-img":"","footer-sml-layout":"","theme-transparent-header-meta":"","adv-header-id-meta":"","stick-header-meta":"","header-above-stick-meta":"","header-main-stick-meta":"","header-below-stick-meta":"","astra-migrate-meta-layouts":"default","ast-page-background-enabled":"default","ast-page-background-meta":{"desktop":{"background-color":"var(--ast-global-color-4)","background-image":"","background-repeat":"repeat","background-position":"center center","background-size":"auto","background-attachment":"scroll","background-type":"","background-media":"","overlay-type":"","overlay-color":"","overlay-gradient":""},"tablet":{"background-color":"","background-image":"","background-repeat":"repeat","background-position":"center center","background-size":"auto","background-attachment":"scroll","background-type":"","background-media":"","overlay-type":"","overlay-color":"","overlay-gradient":""},"mobile":{"background-color":"","background-image":"","background-repeat":"repeat","background-position":"center center","background-size":"auto","background-attachment":"scroll","background-type":"","background-media":"","overlay-type":"","overlay-color":"","overlay-gradient":""}},"ast-content-background-meta":{"desktop":{"background-color":"var(--ast-global-color-5)","background-image":"","background-repeat":"repeat","background-position":"center center","background-size":"auto","background-attachment":"scroll","background-type":"","background-media":"","overlay-type":"","overlay-color":"","overlay-gradient":""},"tablet":{"background-color":"var(--ast-global-color-5)","background-image":"","background-repeat":"repeat","background-position":"center center","background-size":"auto","background-attachment":"scroll","background-type":"","background-media":"","overlay-type":"","overlay-color":"","overlay-gradient":""},"mobile":{"background-color":"var(--ast-global-color-5)","background-image":"","background-repeat":"repeat","background-position":"center center","background-size":"auto","background-attachment":"scroll","background-type":"","background-media":"","overlay-type":"","overlay-color":"","overlay-gradient":""}},"_jet_sm_ready_style":"","_jet_sm_style":"","_jet_sm_controls_values":"","_jet_sm_fonts_collection":"","_jet_sm_fonts_links":"","footnotes":""},"class_list":["post-397","page","type-page","status-publish","hentry"],"_links":{"self":[{"href":"https:\/\/msdlaw.pl\/pl\/wp-json\/wp\/v2\/pages\/397","targetHints":{"allow":["GET"]}}],"collection":[{"href":"https:\/\/msdlaw.pl\/pl\/wp-json\/wp\/v2\/pages"}],"about":[{"href":"https:\/\/msdlaw.pl\/pl\/wp-json\/wp\/v2\/types\/page"}],"author":[{"embeddable":true,"href":"https:\/\/msdlaw.pl\/pl\/wp-json\/wp\/v2\/users\/1"}],"replies":[{"embeddable":true,"href":"https:\/\/msdlaw.pl\/pl\/wp-json\/wp\/v2\/comments?post=397"}],"version-history":[{"count":4,"href":"https:\/\/msdlaw.pl\/pl\/wp-json\/wp\/v2\/pages\/397\/revisions"}],"predecessor-version":[{"id":1353,"href":"https:\/\/msdlaw.pl\/pl\/wp-json\/wp\/v2\/pages\/397\/revisions\/1353"}],"wp:attachment":[{"href":"https:\/\/msdlaw.pl\/pl\/wp-json\/wp\/v2\/media?parent=397"}],"curies":[{"name":"wp","href":"https:\/\/api.w.org\/{rel}","templated":true}]}}