{"id":415,"date":"2024-01-04T11:00:35","date_gmt":"2024-01-04T10:00:35","guid":{"rendered":"https:\/\/test-manx.ovh\/mww\/?page_id=415"},"modified":"2024-11-05T10:50:35","modified_gmt":"2024-11-05T09:50:35","slug":"kancelaria","status":"publish","type":"page","link":"https:\/\/msdlaw.pl\/pl\/kancelaria\/","title":{"rendered":"Kancelaria"},"content":{"rendered":"\t\t<div data-elementor-type=\"wp-page\" data-elementor-id=\"415\" class=\"elementor elementor-415\" data-elementor-post-type=\"page\">\n\t\t\t\t<div class=\"elementor-element elementor-element-21305e0 e-con-full e-flex e-con e-parent\" data-id=\"21305e0\" data-element_type=\"container\" data-e-type=\"container\">\n\t\t<div class=\"elementor-element elementor-element-799f145 e-con-full e-flex elementor-invisible e-con e-child\" data-id=\"799f145\" data-element_type=\"container\" data-e-type=\"container\" data-settings=\"{&quot;animation&quot;:&quot;fadeInLeft&quot;}\">\n\t\t\t\t<div class=\"elementor-element elementor-element-7c3ed38 elementor-widget elementor-widget-heading\" data-id=\"7c3ed38\" data-element_type=\"widget\" data-e-type=\"widget\" data-widget_type=\"heading.default\">\n\t\t\t\t<div class=\"elementor-widget-container\">\n\t\t\t\t\t<h6 class=\"elementor-heading-title elementor-size-default\">KANCELARIA<\/h6>\t\t\t\t<\/div>\n\t\t\t\t<\/div>\n\t\t\t\t<div class=\"elementor-element elementor-element-ac3ed5e elementor-widget elementor-widget-heading\" data-id=\"ac3ed5e\" data-element_type=\"widget\" data-e-type=\"widget\" data-widget_type=\"heading.default\">\n\t\t\t\t<div class=\"elementor-widget-container\">\n\t\t\t\t\t<h2 class=\"elementor-heading-title elementor-size-default\">Kim jeste\u015bmy?<\/h2>\t\t\t\t<\/div>\n\t\t\t\t<\/div>\n\t\t\t\t<div class=\"elementor-element elementor-element-85d1647 elementor-widget elementor-widget-text-editor\" data-id=\"85d1647\" data-element_type=\"widget\" data-e-type=\"widget\" data-widget_type=\"text-editor.default\">\n\t\t\t\t<div class=\"elementor-widget-container\">\n\t\t\t\t\t\t\t\t\t<p>Za\u0142o\u017cona w 2006 roku Matczuk Suchta Dylak Adwokaci i Radcowie Prawni powsta\u0142a z inicjatywy radcy prawnego Tomasz Matczuka, adwokata Piotra Wieczorka i radcy prawnego Paw\u0142a Ma\u0142kowskiego. Od pocz\u0105tku wdra\u017cali oni w \u017cycie motto Kancelarii \u201eInne Podej\u015bcie\u201d zar\u00f3wno w \u015bwiadczeniu pomocy prawnej na rzecz swoich klient\u00f3w, jak w podej\u015bciu do swoich pracownik\u00f3w oraz wsp\u00f3\u0142pracownik\u00f3w. Z ma\u0142ej grupy os\u00f3b, przekszta\u0142cili\u015bmy si\u0119 po prawie\u00a018 latach\u00a0wsp\u00f3lnej pracy w ponad\u00a020 osobowy\u00a0zesp\u00f3\u0142 \u015bwiadcz\u0105cy pomoc prawn\u0105 w szerokim zakresie, skoncentrowani na swoich warto\u015bciach, pozostaj\u0105c wiernymi swojemu podej\u015bciu do pracy i \u017cycia, a tak\u017ce utrzymuj\u0105c znakomite relacje z klientami z kt\u00f3rymi cz\u0119sto rozpocz\u0119li\u015bmy swoj\u0105 przygod\u0119 w ramach MMW i kontynuujemy teraz w MSD..<\/p><p>Oczywi\u015bcie kilkana\u015bcie lat istnienia to te\u017c ci\u0105g\u0142e zmiany, tak przepis\u00f3w prawa, jak i klient\u00f3w, wsp\u00f3lnik\u00f3w oraz pracownik\u00f3w MWW. Nie ulega w\u0105tpliwo\u015bci, \u017ce wykszta\u0142cili\u015bmy i wychowali\u015bmy w tym czasie zacne grono prawnik\u00f3w, kt\u00f3rzy s\u0105 filarami naszej Kancelarii, jak i innych, kt\u00f3rzy z sukcesami zasilili grono innych podmiot\u00f3w \u015bwiadcz\u0105cych pomoc prawn\u0105. Nabrali\u015bmy przez ten czas te\u017c \u017cyciowego do\u015bwiadczenia, nie trac\u0105c jednocze\u015bnie m\u0142odzie\u0144czego zapa\u0142u w dostarczaniu unikatowych rozwi\u0105za\u0144 dla naszych klient\u00f3w.<\/p><p>Zadaj\u0105c sobie pytanie gdzie chcemy by\u0107 za 5 albo 10 lat, to najch\u0119tniej w tym samym miejscu i z tymi samymi osobami, dostarczaj\u0105c tych samych warto\u015bci naszym partnerom co dotychczas, nie ulegaj\u0105c chwilowym modom i doskonal\u0105c warsztat prawniczy na sukcesach naszych klient\u00f3w.<\/p>\t\t\t\t\t\t\t\t<\/div>\n\t\t\t\t<\/div>\n\t\t<div class=\"elementor-element elementor-element-572fbb4 e-flex e-con-boxed e-con e-child\" data-id=\"572fbb4\" data-element_type=\"container\" data-e-type=\"container\">\n\t\t\t\t\t<div class=\"e-con-inner\">\n\t\t<div class=\"elementor-element elementor-element-ad41ca8 e-flex e-con-boxed e-con e-child\" data-id=\"ad41ca8\" data-element_type=\"container\" data-e-type=\"container\">\n\t\t\t\t\t<div class=\"e-con-inner\">\n\t\t\t\t<div class=\"elementor-element elementor-element-4f1d5bd elementor-widget elementor-widget-text-editor\" data-id=\"4f1d5bd\" data-element_type=\"widget\" data-e-type=\"widget\" data-widget_type=\"text-editor.default\">\n\t\t\t\t<div class=\"elementor-widget-container\">\n\t\t\t\t\t\t\t\t\t<p><strong>Tomasz Matczuk<\/strong><br \/>Wsp\u00f3lnik zarz\u0105dzaj\u0105cy<\/p>\t\t\t\t\t\t\t\t<\/div>\n\t\t\t\t<\/div>\n\t\t\t\t\t<\/div>\n\t\t\t\t<\/div>\n\t\t\t\t\t<\/div>\n\t\t\t\t<\/div>\n\t\t\t\t<\/div>\n\t\t<div class=\"elementor-element elementor-element-63c1307 e-con-full e-flex e-con e-child\" data-id=\"63c1307\" data-element_type=\"container\" data-e-type=\"container\" data-settings=\"{&quot;background_background&quot;:&quot;classic&quot;}\">\n\t\t\t\t<\/div>\n\t\t\t\t<\/div>\n\t\t\t\t<\/div>\n\t\t","protected":false},"excerpt":{"rendered":"<p>KANCELARIA Kim jeste\u015bmy? Za\u0142o\u017cona w 2006 roku Matczuk Suchta Dylak Adwokaci i Radcowie Prawni powsta\u0142a z inicjatywy radcy prawnego Tomasz Matczuka, adwokata Piotra Wieczorka i radcy prawnego Paw\u0142a Ma\u0142kowskiego. Od pocz\u0105tku wdra\u017cali oni w \u017cycie motto Kancelarii \u201eInne Podej\u015bcie\u201d zar\u00f3wno w \u015bwiadczeniu pomocy prawnej na rzecz swoich klient\u00f3w, jak w podej\u015bciu do swoich pracownik\u00f3w oraz &hellip;<\/p>\n<p class=\"read-more\"> <a class=\"\" href=\"https:\/\/msdlaw.pl\/pl\/kancelaria\/\"> <span class=\"screen-reader-text\">Kancelaria<\/span> Read More &raquo;<\/a><\/p>\n","protected":false},"author":1,"featured_media":0,"parent":0,"menu_order":0,"comment_status":"closed","ping_status":"closed","template":"","meta":{"site-sidebar-layout":"no-sidebar","site-content-layout":"","ast-site-content-layout":"full-width-container","site-content-style":"default","site-sidebar-style":"default","ast-global-header-display":"","ast-banner-title-visibility":"","ast-main-header-display":"","ast-hfb-above-header-display":"","ast-hfb-below-header-display":"","ast-hfb-mobile-header-display":"","site-post-title":"disabled","ast-breadcrumbs-content":"","ast-featured-img":"disabled","footer-sml-layout":"","theme-transparent-header-meta":"","adv-header-id-meta":"","stick-header-meta":"","header-above-stick-meta":"","header-main-stick-meta":"","header-below-stick-meta":"","astra-migrate-meta-layouts":"default","ast-page-background-enabled":"default","ast-page-background-meta":{"desktop":{"background-color":"var(--ast-global-color-4)","background-image":"","background-repeat":"repeat","background-position":"center center","background-size":"auto","background-attachment":"scroll","background-type":"","background-media":"","overlay-type":"","overlay-color":"","overlay-gradient":""},"tablet":{"background-color":"","background-image":"","background-repeat":"repeat","background-position":"center center","background-size":"auto","background-attachment":"scroll","background-type":"","background-media":"","overlay-type":"","overlay-color":"","overlay-gradient":""},"mobile":{"background-color":"","background-image":"","background-repeat":"repeat","background-position":"center center","background-size":"auto","background-attachment":"scroll","background-type":"","background-media":"","overlay-type":"","overlay-color":"","overlay-gradient":""}},"ast-content-background-meta":{"desktop":{"background-color":"var(--ast-global-color-5)","background-image":"","background-repeat":"repeat","background-position":"center center","background-size":"auto","background-attachment":"scroll","background-type":"","background-media":"","overlay-type":"","overlay-color":"","overlay-gradient":""},"tablet":{"background-color":"var(--ast-global-color-5)","background-image":"","background-repeat":"repeat","background-position":"center center","background-size":"auto","background-attachment":"scroll","background-type":"","background-media":"","overlay-type":"","overlay-color":"","overlay-gradient":""},"mobile":{"background-color":"var(--ast-global-color-5)","background-image":"","background-repeat":"repeat","background-position":"center center","background-size":"auto","background-attachment":"scroll","background-type":"","background-media":"","overlay-type":"","overlay-color":"","overlay-gradient":""}},"_jet_sm_ready_style":"","_jet_sm_style":"","_jet_sm_controls_values":"","_jet_sm_fonts_collection":"","_jet_sm_fonts_links":"","footnotes":""},"class_list":["post-415","page","type-page","status-publish","hentry"],"_links":{"self":[{"href":"https:\/\/msdlaw.pl\/pl\/wp-json\/wp\/v2\/pages\/415","targetHints":{"allow":["GET"]}}],"collection":[{"href":"https:\/\/msdlaw.pl\/pl\/wp-json\/wp\/v2\/pages"}],"about":[{"href":"https:\/\/msdlaw.pl\/pl\/wp-json\/wp\/v2\/types\/page"}],"author":[{"embeddable":true,"href":"https:\/\/msdlaw.pl\/pl\/wp-json\/wp\/v2\/users\/1"}],"replies":[{"embeddable":true,"href":"https:\/\/msdlaw.pl\/pl\/wp-json\/wp\/v2\/comments?post=415"}],"version-history":[{"count":26,"href":"https:\/\/msdlaw.pl\/pl\/wp-json\/wp\/v2\/pages\/415\/revisions"}],"predecessor-version":[{"id":1381,"href":"https:\/\/msdlaw.pl\/pl\/wp-json\/wp\/v2\/pages\/415\/revisions\/1381"}],"wp:attachment":[{"href":"https:\/\/msdlaw.pl\/pl\/wp-json\/wp\/v2\/media?parent=415"}],"curies":[{"name":"wp","href":"https:\/\/api.w.org\/{rel}","templated":true}]}}